{"id":101,"date":"2021-02-02T09:27:45","date_gmt":"2021-02-02T08:27:45","guid":{"rendered":"http:\/\/wp-signets\/?page_id=101"},"modified":"2021-02-09T20:46:28","modified_gmt":"2021-02-09T19:46:28","slug":"presentation-de-lextension-e-signets-pour-wordpres","status":"publish","type":"page","link":"http:\/\/ateliers.atelierphp.net\/wordpress\/e-signets\/","title":{"rendered":"Pr\u00e9sentation de l&rsquo;extension e-signets pour wordpres"},"content":{"rendered":"\r\n<ol class=\"wp-block-list\">\r\n<li>But : <br \/>Cette extension permet d&rsquo;afficher dans une page wordpress les signets de firefox (ou \u00e9ventuellement d&rsquo;un autre navigateur)<\/li>\r\n<li>Marche \u00e0 suivre :\r\n<ol>\r\n<li>Exporter les signets de Firefox (biblioth\u00e8que-&gt;marque-pages-&gt;afficher tous les marque pages (en bas) -&gt;importation\/exportation-&gt;exporter les marque-pages au format html : ceci va cr\u00e9er un fichier bookmarks.html dans votre dossier des t\u00e9l\u00e9chargements<\/li>\r\n<li>Importer le fichier \u00ab\u00a0bookmarks.html\u00a0\u00bb dans les m\u00e9dias de wordpress : dans le versions r\u00e9centes de wordpress vous devrez le faire \u00e0 l&rsquo;aide d&rsquo;un logiciel ftp de votre dossier de t\u00e9l\u00e9chargement vers le site : <em>nom du site<\/em>\\wp-content\\uploads\\<em>ann\u00e9e\\mois<\/em> (en cas de multisite, mettre dans : sites-&gt;N\u00b0 du site-&gt;ann\u00e9e-&gt;mois en cours)<\/li>\r\n<li>Menu d&rsquo;administration de wordpress -&gt;Extensions-&gt;ajouter-&gt;t\u00e9l\u00e9verser une extension -&gt; sp\u00e9cifier le fichier e-signets-wordpress.zip qui sera aussi dans vos t\u00e9l\u00e9chargements si vous l&rsquo;avez re\u00e7u par mail ou t\u00e9l\u00e9charg\u00e9 depuis le site internet de l&rsquo;extension <a href=\"http:\/\/ateliers.atelierphp.net\/wordpress\/mes_documents\/signets-wordpress\/e-signets.zip\" target=\"_blank\" rel=\"noreferrer noopener\">http:\/\/ateliers.atelierphp.net\/wordpress\/mes_documents\/signets-wordpress\/e-signets.zip ;\u00a0<\/a><\/li>\r\n<li>Apr\u00e8s avoir t\u00e9l\u00e9charg\u00e9 et activ\u00e9 l&rsquo;extension : Menu d&rsquo;administration de wordpress -&gt;Cliquer sur \u00ab\u00a0e-signets-installation\u00a0\u00bb \u00e0 partir du menu principal : ceci va importer les signets dans la base de donn\u00e9es de wordpress et cr\u00e9er trois mod\u00e8les de page : (voir un exemple : <a href=\"http:\/\/ateliers.atelierphp.net\/wordpress\/e-signets\/\" target=\"_blank\" rel=\"noopener\">http:\/\/ateliers.atelierphp.net\/wordpress\/e-signets\/<\/a><br \/>\r\n<ol>\r\n<li>Le mod\u00e8le de page \u00ab\u00a0Horizontal\u00a0\u00bb (Cat\u00e9gories \u00e0 droite, signets \u00e0 gauche)\u00a0 : <img fetchpriority=\"high\" decoding=\"async\" class=\"alignnone wp-image-1560 size-full\" src=\"http:\/\/ateliers.atelierphp.net\/wordpress\/wp-content\/uploads\/2021\/02\/disposition_horizontale.jpg\" alt=\"\" width=\"800\" height=\"354\" \/><\/li>\r\n<li>Le mod\u00e8le de page \u00ab\u00a0Mixte\u00a0\u00bb (cat\u00e9gories en haut, signets en dessous) :<img decoding=\"async\" class=\"alignnone wp-image-1559 size-full\" src=\"http:\/\/ateliers.atelierphp.net\/wordpress\/wp-content\/uploads\/2021\/02\/disposition_mixte.jpg\" alt=\"\" width=\"800\" height=\"536\" \/><\/li>\r\n<li>Le mod\u00e8le de page \u00ab\u00a0Vertical\u00a0\u00bb (Les signets en colonnes) :<img decoding=\"async\" class=\"alignnone wp-image-1558 size-full\" src=\"http:\/\/ateliers.atelierphp.net\/wordpress\/wp-content\/uploads\/2021\/02\/disposition_verticale.jpg\" alt=\"\" width=\"800\" height=\"400\" \/><\/li>\r\n<\/ol>\r\n<\/li>\r\n<li>En mode Administration la page suivante s&rsquo;affiche, qui vous permet de choisir les cat\u00e9gories en fonction des mod\u00e8les de page : <img loading=\"lazy\" decoding=\"async\" class=\"alignnone wp-image-1563 size-full\" src=\"http:\/\/ateliers.atelierphp.net\/wordpress\/wp-content\/uploads\/2021\/02\/affectation_des_categories.jpg\" alt=\"\" width=\"866\" height=\"712\" \/><\/li>\r\n<li>Pour acc\u00e9der \u00e0 ce tableau lors de la cr\u00e9ation de la page : Ajouter page -&gt; choisir le mod\u00e8le de page \u00ab\u00a0show-bookmarks-H ou M ou V -&gt; Mettre un titre -&gt; \u00ab\u00a0Publier\u00a0\u00bb -&gt;Voir la page : le tableau ci-dessus s&rsquo;affiche<\/li>\r\n<li>Pour modifier la page : faites directement \u00ab\u00a0Afficher la page\u00a0\u00bb pour obtenir ce tableau, sinon \u00ab\u00a0modifier ..\u00a0\u00bb-&gt;\u00a0\u00bbpublier\u00a0\u00bb en haut \u00e0 droite-&gt;\u00a0\u00bbvoir la page\u00a0\u00bb<br \/><br \/><strong>Note concernant le fichier bookmarks.html : il est supprim\u00e9 apr\u00e8s chaque installation, pour \u00e9viter toute mauvaise manipulation, m\u00eame s&rsquo;il semble y paraitre encore dans les m\u00e9dias ou dans son dossier, vous devrez le remettre \u00e0 nouveau. A chaque rechargement de bookmarks.html, les tables sont effac\u00e9es, nous devez r\u00e9affecter les cat\u00e9gories dans les pages.<\/strong><\/li>\r\n<\/ol>\r\n<\/li>\r\n<\/ol>\r\n\r\n\r\n\r\n<p>&nbsp;<\/p>\r\n","protected":false},"excerpt":{"rendered":"<p>But : Cette extension permet d&rsquo;afficher dans une page wordpress les signets de firefox (ou \u00e9ventuellement d&rsquo;un autre navigateur) Marche \u00e0 suivre : Exporter les signets de Firefox (biblioth\u00e8que-&gt;marque-pages-&gt;afficher tous les marque pages (en bas) -&gt;importation\/exportation-&gt;exporter les marque-pages au format html : ceci va cr\u00e9er un fichier bookmarks.html dans votre dossier des t\u00e9l\u00e9chargements Importer le &hellip;<\/p>\n<p class=\"read-more\"> <a class=\"\" href=\"http:\/\/ateliers.atelierphp.net\/wordpress\/e-signets\/\"> <span class=\"screen-reader-text\">Pr\u00e9sentation de l&rsquo;extension e-signets pour wordpres<\/span> Lire la suite\u00a0\u00bb<\/a><\/p>\n","protected":false},"author":7,"featured_media":0,"parent":0,"menu_order":0,"comment_status":"closed","ping_status":"closed","template":"","meta":{"_eb_attr":"","inline_featured_image":false,"_editorskit_title_hidden":false,"_editorskit_reading_time":0,"_editorskit_is_block_options_detached":false,"_editorskit_block_options_position":"{}","editor_plus_copied_stylings":"{}","_coblocks_attr":"","_coblocks_dimensions":"","_coblocks_responsive_height":"","_coblocks_accordion_ie_support":"","footnotes":""},"class_list":["post-101","page","type-page","status-publish","hentry"],"_links":{"self":[{"href":"http:\/\/ateliers.atelierphp.net\/wordpress\/e-signets\/wp-json\/wp\/v2\/pages\/101","targetHints":{"allow":["GET"]}}],"collection":[{"href":"http:\/\/ateliers.atelierphp.net\/wordpress\/e-signets\/wp-json\/wp\/v2\/pages"}],"about":[{"href":"http:\/\/ateliers.atelierphp.net\/wordpress\/e-signets\/wp-json\/wp\/v2\/types\/page"}],"author":[{"embeddable":true,"href":"http:\/\/ateliers.atelierphp.net\/wordpress\/e-signets\/wp-json\/wp\/v2\/users\/7"}],"replies":[{"embeddable":true,"href":"http:\/\/ateliers.atelierphp.net\/wordpress\/e-signets\/wp-json\/wp\/v2\/comments?post=101"}],"version-history":[{"count":7,"href":"http:\/\/ateliers.atelierphp.net\/wordpress\/e-signets\/wp-json\/wp\/v2\/pages\/101\/revisions"}],"predecessor-version":[{"id":1624,"href":"http:\/\/ateliers.atelierphp.net\/wordpress\/e-signets\/wp-json\/wp\/v2\/pages\/101\/revisions\/1624"}],"wp:attachment":[{"href":"http:\/\/ateliers.atelierphp.net\/wordpress\/e-signets\/wp-json\/wp\/v2\/media?parent=101"}],"curies":[{"name":"wp","href":"https:\/\/api.w.org\/{rel}","templated":true}]}}